{"id":983,"date":"2023-04-12T13:54:47","date_gmt":"2023-04-12T13:54:47","guid":{"rendered":"https:\/\/transparencia.gramepark.cat\/?page_id=983"},"modified":"2023-04-20T13:13:43","modified_gmt":"2023-04-20T13:13:43","slug":"informacion-juridica","status":"publish","type":"page","link":"https:\/\/transparencia.gramepark.cat\/es\/informacion-juridica\/","title":{"rendered":"Informaci\u00f3n jur\u00eddica"},"content":{"rendered":"","protected":false},"excerpt":{"rendered":"","protected":false},"author":1,"featured_media":0,"parent":0,"menu_order":0,"comment_status":"closed","ping_status":"closed","template":"","meta":{"_et_pb_use_builder":"on","_et_pb_old_content":"","_et_gb_content_width":"","footnotes":""},"class_list":["post-983","page","type-page","status-publish","hentry"],"yoast_head":"<!-- This site is optimized with the Yoast SEO plugin v26.9 - https:\/\/yoast.com\/product\/yoast-seo-wordpress\/ -->\n<title>Informaci\u00f3n jur\u00eddica - Gramepark<\/title>\n<meta name=\"description\" content=\"Informaci\u00f3n jur\u00eddica - Gramepark\" \/>\n<meta name=\"robots\" content=\"index, follow, max-snippet:-1, max-image-preview:large, max-video-preview:-1\" \/>\n<link rel=\"canonical\" href=\"https:\/\/transparencia.gramepark.cat\/es\/informacion-juridica\/\" \/>\n<meta property=\"og:locale\" content=\"es_ES\" \/>\n<meta property=\"og:type\" content=\"article\" \/>\n<meta property=\"og:title\" content=\"Informaci\u00f3n jur\u00eddica - Gramepark\" \/>\n<meta property=\"og:description\" content=\"Informaci\u00f3n jur\u00eddica - Gramepark\" \/>\n<meta property=\"og:url\" content=\"https:\/\/transparencia.gramepark.cat\/es\/informacion-juridica\/\" \/>\n<meta property=\"og:site_name\" content=\"Gramepark\" \/>\n<meta property=\"article:modified_time\" content=\"2023-04-20T13:13:43+00:00\" \/>\n<meta name=\"twitter:card\" content=\"summary_large_image\" \/>\n<script type=\"application\/ld+json\" class=\"yoast-schema-graph\">{\"@context\":\"https:\/\/schema.org\",\"@graph\":[{\"@type\":\"WebPage\",\"@id\":\"https:\/\/transparencia.gramepark.cat\/informacion-juridica\/\",\"url\":\"https:\/\/transparencia.gramepark.cat\/informacion-juridica\/\",\"name\":\"Informaci\u00f3n jur\u00eddica - Gramepark\",\"isPartOf\":{\"@id\":\"https:\/\/transparencia.gramepark.cat\/#website\"},\"datePublished\":\"2023-04-12T13:54:47+00:00\",\"dateModified\":\"2023-04-20T13:13:43+00:00\",\"description\":\"Informaci\u00f3n jur\u00eddica - Gramepark\",\"breadcrumb\":{\"@id\":\"https:\/\/transparencia.gramepark.cat\/informacion-juridica\/#breadcrumb\"},\"inLanguage\":\"es-ES\",\"potentialAction\":[{\"@type\":\"ReadAction\",\"target\":[\"https:\/\/transparencia.gramepark.cat\/informacion-juridica\/\"]}]},{\"@type\":\"BreadcrumbList\",\"@id\":\"https:\/\/transparencia.gramepark.cat\/informacion-juridica\/#breadcrumb\",\"itemListElement\":[{\"@type\":\"ListItem\",\"position\":1,\"name\":\"Home\",\"item\":\"https:\/\/transparencia.gramepark.cat\/\"},{\"@type\":\"ListItem\",\"position\":2,\"name\":\"Informaci\u00f3n jur\u00eddica\"}]},{\"@type\":\"WebSite\",\"@id\":\"https:\/\/transparencia.gramepark.cat\/#website\",\"url\":\"https:\/\/transparencia.gramepark.cat\/\",\"name\":\"Portal de Transpar\u00e8ncia | Gramepark\",\"description\":\"\",\"publisher\":{\"@id\":\"https:\/\/transparencia.gramepark.cat\/#organization\"},\"potentialAction\":[{\"@type\":\"SearchAction\",\"target\":{\"@type\":\"EntryPoint\",\"urlTemplate\":\"https:\/\/transparencia.gramepark.cat\/?s={search_term_string}\"},\"query-input\":{\"@type\":\"PropertyValueSpecification\",\"valueRequired\":true,\"valueName\":\"search_term_string\"}}],\"inLanguage\":\"es-ES\"},{\"@type\":\"Organization\",\"@id\":\"https:\/\/transparencia.gramepark.cat\/#organization\",\"name\":\"Portal de Transpar\u00e8ncia | Gramepark\",\"url\":\"https:\/\/transparencia.gramepark.cat\/\",\"logo\":{\"@type\":\"ImageObject\",\"inLanguage\":\"es-ES\",\"@id\":\"https:\/\/transparencia.gramepark.cat\/#\/schema\/logo\/image\/\",\"url\":\"https:\/\/transparencia.gramepark.cat\/wp-content\/uploads\/2023\/07\/Captura-de-pantalla-2022-11-22-a-las-16.40.png\",\"contentUrl\":\"https:\/\/transparencia.gramepark.cat\/wp-content\/uploads\/2023\/07\/Captura-de-pantalla-2022-11-22-a-las-16.40.png\",\"width\":199,\"height\":50,\"caption\":\"Portal de Transpar\u00e8ncia | Gramepark\"},\"image\":{\"@id\":\"https:\/\/transparencia.gramepark.cat\/#\/schema\/logo\/image\/\"}}]}<\/script>\n<!-- \/ Yoast SEO plugin. -->","yoast_head_json":{"title":"Informaci\u00f3n jur\u00eddica - Gramepark","description":"Informaci\u00f3n jur\u00eddica - Gramepark","robots":{"index":"index","follow":"follow","max-snippet":"max-snippet:-1","max-image-preview":"max-image-preview:large","max-video-preview":"max-video-preview:-1"},"canonical":"https:\/\/transparencia.gramepark.cat\/es\/informacion-juridica\/","og_locale":"es_ES","og_type":"article","og_title":"Informaci\u00f3n jur\u00eddica - Gramepark","og_description":"Informaci\u00f3n jur\u00eddica - Gramepark","og_url":"https:\/\/transparencia.gramepark.cat\/es\/informacion-juridica\/","og_site_name":"Gramepark","article_modified_time":"2023-04-20T13:13:43+00:00","twitter_card":"summary_large_image","schema":{"@context":"https:\/\/schema.org","@graph":[{"@type":"WebPage","@id":"https:\/\/transparencia.gramepark.cat\/informacion-juridica\/","url":"https:\/\/transparencia.gramepark.cat\/informacion-juridica\/","name":"Informaci\u00f3n jur\u00eddica - Gramepark","isPartOf":{"@id":"https:\/\/transparencia.gramepark.cat\/#website"},"datePublished":"2023-04-12T13:54:47+00:00","dateModified":"2023-04-20T13:13:43+00:00","description":"Informaci\u00f3n jur\u00eddica - Gramepark","breadcrumb":{"@id":"https:\/\/transparencia.gramepark.cat\/informacion-juridica\/#breadcrumb"},"inLanguage":"es-ES","potentialAction":[{"@type":"ReadAction","target":["https:\/\/transparencia.gramepark.cat\/informacion-juridica\/"]}]},{"@type":"BreadcrumbList","@id":"https:\/\/transparencia.gramepark.cat\/informacion-juridica\/#breadcrumb","itemListElement":[{"@type":"ListItem","position":1,"name":"Home","item":"https:\/\/transparencia.gramepark.cat\/"},{"@type":"ListItem","position":2,"name":"Informaci\u00f3n jur\u00eddica"}]},{"@type":"WebSite","@id":"https:\/\/transparencia.gramepark.cat\/#website","url":"https:\/\/transparencia.gramepark.cat\/","name":"Portal de Transpar\u00e8ncia | Gramepark","description":"","publisher":{"@id":"https:\/\/transparencia.gramepark.cat\/#organization"},"potentialAction":[{"@type":"SearchAction","target":{"@type":"EntryPoint","urlTemplate":"https:\/\/transparencia.gramepark.cat\/?s={search_term_string}"},"query-input":{"@type":"PropertyValueSpecification","valueRequired":true,"valueName":"search_term_string"}}],"inLanguage":"es-ES"},{"@type":"Organization","@id":"https:\/\/transparencia.gramepark.cat\/#organization","name":"Portal de Transpar\u00e8ncia | Gramepark","url":"https:\/\/transparencia.gramepark.cat\/","logo":{"@type":"ImageObject","inLanguage":"es-ES","@id":"https:\/\/transparencia.gramepark.cat\/#\/schema\/logo\/image\/","url":"https:\/\/transparencia.gramepark.cat\/wp-content\/uploads\/2023\/07\/Captura-de-pantalla-2022-11-22-a-las-16.40.png","contentUrl":"https:\/\/transparencia.gramepark.cat\/wp-content\/uploads\/2023\/07\/Captura-de-pantalla-2022-11-22-a-las-16.40.png","width":199,"height":50,"caption":"Portal de Transpar\u00e8ncia | Gramepark"},"image":{"@id":"https:\/\/transparencia.gramepark.cat\/#\/schema\/logo\/image\/"}}]}},"_links":{"self":[{"href":"https:\/\/transparencia.gramepark.cat\/es\/wp-json\/wp\/v2\/pages\/983","targetHints":{"allow":["GET"]}}],"collection":[{"href":"https:\/\/transparencia.gramepark.cat\/es\/wp-json\/wp\/v2\/pages"}],"about":[{"href":"https:\/\/transparencia.gramepark.cat\/es\/wp-json\/wp\/v2\/types\/page"}],"author":[{"embeddable":true,"href":"https:\/\/transparencia.gramepark.cat\/es\/wp-json\/wp\/v2\/users\/1"}],"replies":[{"embeddable":true,"href":"https:\/\/transparencia.gramepark.cat\/es\/wp-json\/wp\/v2\/comments?post=983"}],"version-history":[{"count":1,"href":"https:\/\/transparencia.gramepark.cat\/es\/wp-json\/wp\/v2\/pages\/983\/revisions"}],"predecessor-version":[{"id":984,"href":"https:\/\/transparencia.gramepark.cat\/es\/wp-json\/wp\/v2\/pages\/983\/revisions\/984"}],"wp:attachment":[{"href":"https:\/\/transparencia.gramepark.cat\/es\/wp-json\/wp\/v2\/media?parent=983"}],"curies":[{"name":"wp","href":"https:\/\/api.w.org\/{rel}","templated":true}]}}