{"id":889,"date":"2023-04-05T13:25:24","date_gmt":"2023-04-05T13:25:24","guid":{"rendered":"https:\/\/transparencia.gramepark.cat\/?page_id=889"},"modified":"2023-06-30T10:50:36","modified_gmt":"2023-06-30T10:50:36","slug":"organigrama","status":"publish","type":"page","link":"https:\/\/transparencia.gramepark.cat\/es\/organigrama\/","title":{"rendered":"Organigrama"},"content":{"rendered":"<p>[et_pb_section fb_built=&#8221;1&#8243; _builder_version=&#8221;4.20.1&#8243; _module_preset=&#8221;default&#8221; global_colors_info=&#8221;{}&#8221;][et_pb_row _builder_version=&#8221;4.20.1&#8243; _module_preset=&#8221;default&#8221; global_colors_info=&#8221;{}&#8221;][et_pb_column type=&#8221;4_4&#8243; _builder_version=&#8221;4.20.1&#8243; _module_preset=&#8221;default&#8221; global_colors_info=&#8221;{}&#8221;][et_pb_text _builder_version=&#8221;4.20.1&#8243; _module_preset=&#8221;default&#8221; custom_padding=&#8221;96px||||false|false&#8221; hover_enabled=&#8221;0&#8243; global_colors_info=&#8221;{}&#8221; sticky_enabled=&#8221;0&#8243;]<\/p>\n<h1>Organigrama<\/h1>\n<h2><span>Estructura organitzativa<\/span><\/h2>\n<p><span>L\u2019organigrama de l\u2019empresa municipal \u00e9s el seg\u00fcent:<\/span><\/p>\n<p>[\/et_pb_text][et_pb_text _builder_version=&#8221;4.20.1&#8243; _module_preset=&#8221;default&#8221; hover_enabled=&#8221;0&#8243; global_colors_info=&#8221;{}&#8221; sticky_enabled=&#8221;0&#8243;]<\/p>\n<h2><span style=\"font-weight: 400;\">Junta General<\/span><\/h2>\n<p><span style=\"font-weight: 400;\">Consell d\u2019administraci\u00f3<\/span><\/p>\n<ul>\n<li><strong>President<\/strong>\n<ul>\n<li style=\"font-weight: 400;\" aria-level=\"2\"><strong>Conseller Delegat<\/strong><\/li>\n<li style=\"font-weight: 400;\" aria-level=\"2\"><strong>Vicepresidenta<\/strong><\/li>\n<li style=\"font-weight: 400;\" aria-level=\"2\"><strong>Consellera Delegada<\/strong><span style=\"font-weight: 400;\"><\/span><\/li>\n<\/ul>\n<\/li>\n<li><strong>Gerent<\/strong>\n<ul>\n<li><em><span style=\"font-weight: 400;\">Departament Econ\u00f2mic<\/span><\/em>\n<ul>\n<li><span style=\"font-weight: 400;\">Cap de Negociat de Comptabilitat<\/span><\/li>\n<li><span style=\"font-weight: 400;\">Administratiu (va)<\/span><span style=\"font-weight: 400;\"><\/span><\/li>\n<\/ul>\n<\/li>\n<li><em><span style=\"font-weight: 400;\">Departament T\u00e8cnic<\/span><\/em><\/li>\n<li><em><span style=\"font-weight: 400;\">Departament d&#8217; Habitatge<\/span><\/em>\n<ul>\n<li><span style=\"font-weight: 400;\">Administratiu (va) Atenci\u00f3<\/span><\/li>\n<li><span style=\"font-weight: 400;\">Administratiu (va) &#8211; Atenci\u00f3 i registre empresa<\/span><\/li>\n<li><span style=\"font-weight: 400;\">Administratiu (va) &#8211; Ajuts<\/span><\/li>\n<li><span style=\"font-weight: 400;\">Administratiu (va) XMLLS i Parc Cessi\u00f3<\/span><\/li>\n<li><span style=\"font-weight: 400;\">Administratiu (va) Suport atenci\u00f3<\/span><span style=\"font-weight: 400;\"><\/span><\/li>\n<\/ul>\n<\/li>\n<li><em><span style=\"font-weight: 400;\">Serveis Corporatius<\/span><\/em>\n<ul>\n<li><span style=\"font-weight: 400;\">Administratiu (va)<\/span><\/li>\n<\/ul>\n<\/li>\n<li><em><span style=\"font-weight: 400;\">Gesti\u00f3 administrativa<\/span><\/em>\n<ul>\n<li><span style=\"font-weight: 400;\">Administratiu (va) &#8211; Parc habitatge<\/span><\/li>\n<li><span style=\"font-weight: 400;\">Administratiu (va) &#8211; Traspassos i assegurances<\/span><\/li>\n<li><span style=\"font-weight: 400;\">Administratiu (va) &#8211; Aparcaments i incid\u00e8ncies immobles<\/span><\/li>\n<\/ul>\n<\/li>\n<li><em><span style=\"font-weight: 400;\">Mobilitat<\/span><\/em>\n<ul>\n<li><span style=\"font-weight: 400;\">Administratiu (va) &#8211; Gesti\u00f3 Mobilitat<\/span><\/li>\n<li><span style=\"font-weight: 400;\">Encarregat (da) General &#8211; Dep\u00f2sit<\/span><\/li>\n<li><span style=\"font-weight: 400;\">Agent de mobilitat &#8211; Aparcaments\/ Grues\/ Zona blava<\/span><\/li>\n<\/ul>\n<\/li>\n<li><em><span style=\"font-weight: 400;\">Unitat Gesti\u00f3 de Projectes<\/span><\/em>\n<ul>\n<li><span style=\"font-weight: 400;\">Unitat suport p\u00e8rdua habitatge<\/span><\/li>\n<li><span style=\"font-weight: 400;\">Suport jur\u00eddic<\/span><\/li>\n<li><span style=\"font-weight: 400;\">Control de gesti\u00f3 econ\u00f2mica<\/span><\/li>\n<li><span style=\"font-weight: 400;\">Administratiu (va)<\/span><\/li>\n<\/ul>\n<\/li>\n<li><em><span style=\"font-weight: 400;\">Manteniment (Plans d&#8217; Ocupaci\u00f3)<\/span><\/em><\/li>\n<\/ul>\n<\/li>\n<\/ul>\n<p>[\/et_pb_text][\/et_pb_column][\/et_pb_row][\/et_pb_section]<\/p>\n","protected":false},"excerpt":{"rendered":"<p>Organigrama Estructura organitzativa L\u2019organigrama de l\u2019empresa municipal \u00e9s el seg\u00fcent:Junta General Consell d\u2019administraci\u00f3 President Conseller Delegat Vicepresidenta Consellera Delegada Gerent Departament Econ\u00f2mic Cap de Negociat de Comptabilitat Administratiu (va) Departament T\u00e8cnic Departament d&#8217; Habitatge Administratiu (va) Atenci\u00f3 Administratiu (va) &#8211; Atenci\u00f3 i registre empresa Administratiu (va) &#8211; Ajuts Administratiu (va) XMLLS i Parc Cessi\u00f3 Administratiu [&hellip;]<\/p>\n","protected":false},"author":1,"featured_media":0,"parent":0,"menu_order":0,"comment_status":"closed","ping_status":"closed","template":"","meta":{"_et_pb_use_builder":"on","_et_pb_old_content":"","_et_gb_content_width":"","footnotes":""},"class_list":["post-889","page","type-page","status-publish","hentry"],"yoast_head":"<!-- This site is optimized with the Yoast SEO plugin v26.9 - https:\/\/yoast.com\/product\/yoast-seo-wordpress\/ -->\n<title>Organigrama - Gramepark<\/title>\n<meta name=\"description\" content=\"Organigrama - Gramepark\" \/>\n<meta name=\"robots\" content=\"index, follow, max-snippet:-1, max-image-preview:large, max-video-preview:-1\" \/>\n<link rel=\"canonical\" href=\"https:\/\/transparencia.gramepark.cat\/es\/organigrama\/\" \/>\n<meta property=\"og:locale\" content=\"es_ES\" \/>\n<meta property=\"og:type\" content=\"article\" \/>\n<meta property=\"og:title\" content=\"Organigrama - Gramepark\" \/>\n<meta property=\"og:description\" content=\"Organigrama - Gramepark\" \/>\n<meta property=\"og:url\" content=\"https:\/\/transparencia.gramepark.cat\/es\/organigrama\/\" \/>\n<meta property=\"og:site_name\" content=\"Gramepark\" \/>\n<meta property=\"article:modified_time\" content=\"2023-06-30T10:50:36+00:00\" \/>\n<meta name=\"twitter:card\" content=\"summary_large_image\" \/>\n<meta name=\"twitter:label1\" content=\"Est. reading time\" \/>\n\t<meta name=\"twitter:data1\" content=\"1 minute\" \/>\n<script type=\"application\/ld+json\" class=\"yoast-schema-graph\">{\"@context\":\"https:\/\/schema.org\",\"@graph\":[{\"@type\":\"WebPage\",\"@id\":\"https:\/\/transparencia.gramepark.cat\/organigrama\/\",\"url\":\"https:\/\/transparencia.gramepark.cat\/organigrama\/\",\"name\":\"Organigrama - Gramepark\",\"isPartOf\":{\"@id\":\"https:\/\/transparencia.gramepark.cat\/#website\"},\"datePublished\":\"2023-04-05T13:25:24+00:00\",\"dateModified\":\"2023-06-30T10:50:36+00:00\",\"description\":\"Organigrama - Gramepark\",\"breadcrumb\":{\"@id\":\"https:\/\/transparencia.gramepark.cat\/organigrama\/#breadcrumb\"},\"inLanguage\":\"es-ES\",\"potentialAction\":[{\"@type\":\"ReadAction\",\"target\":[\"https:\/\/transparencia.gramepark.cat\/organigrama\/\"]}]},{\"@type\":\"BreadcrumbList\",\"@id\":\"https:\/\/transparencia.gramepark.cat\/organigrama\/#breadcrumb\",\"itemListElement\":[{\"@type\":\"ListItem\",\"position\":1,\"name\":\"Home\",\"item\":\"https:\/\/transparencia.gramepark.cat\/\"},{\"@type\":\"ListItem\",\"position\":2,\"name\":\"Organigrama\"}]},{\"@type\":\"WebSite\",\"@id\":\"https:\/\/transparencia.gramepark.cat\/#website\",\"url\":\"https:\/\/transparencia.gramepark.cat\/\",\"name\":\"Portal de Transpar\u00e8ncia | Gramepark\",\"description\":\"\",\"publisher\":{\"@id\":\"https:\/\/transparencia.gramepark.cat\/#organization\"},\"potentialAction\":[{\"@type\":\"SearchAction\",\"target\":{\"@type\":\"EntryPoint\",\"urlTemplate\":\"https:\/\/transparencia.gramepark.cat\/?s={search_term_string}\"},\"query-input\":{\"@type\":\"PropertyValueSpecification\",\"valueRequired\":true,\"valueName\":\"search_term_string\"}}],\"inLanguage\":\"es-ES\"},{\"@type\":\"Organization\",\"@id\":\"https:\/\/transparencia.gramepark.cat\/#organization\",\"name\":\"Portal de Transpar\u00e8ncia | Gramepark\",\"url\":\"https:\/\/transparencia.gramepark.cat\/\",\"logo\":{\"@type\":\"ImageObject\",\"inLanguage\":\"es-ES\",\"@id\":\"https:\/\/transparencia.gramepark.cat\/#\/schema\/logo\/image\/\",\"url\":\"https:\/\/transparencia.gramepark.cat\/wp-content\/uploads\/2023\/07\/Captura-de-pantalla-2022-11-22-a-las-16.40.png\",\"contentUrl\":\"https:\/\/transparencia.gramepark.cat\/wp-content\/uploads\/2023\/07\/Captura-de-pantalla-2022-11-22-a-las-16.40.png\",\"width\":199,\"height\":50,\"caption\":\"Portal de Transpar\u00e8ncia | Gramepark\"},\"image\":{\"@id\":\"https:\/\/transparencia.gramepark.cat\/#\/schema\/logo\/image\/\"}}]}<\/script>\n<!-- \/ Yoast SEO plugin. -->","yoast_head_json":{"title":"Organigrama - Gramepark","description":"Organigrama - Gramepark","robots":{"index":"index","follow":"follow","max-snippet":"max-snippet:-1","max-image-preview":"max-image-preview:large","max-video-preview":"max-video-preview:-1"},"canonical":"https:\/\/transparencia.gramepark.cat\/es\/organigrama\/","og_locale":"es_ES","og_type":"article","og_title":"Organigrama - Gramepark","og_description":"Organigrama - Gramepark","og_url":"https:\/\/transparencia.gramepark.cat\/es\/organigrama\/","og_site_name":"Gramepark","article_modified_time":"2023-06-30T10:50:36+00:00","twitter_card":"summary_large_image","twitter_misc":{"Est. reading time":"1 minute"},"schema":{"@context":"https:\/\/schema.org","@graph":[{"@type":"WebPage","@id":"https:\/\/transparencia.gramepark.cat\/organigrama\/","url":"https:\/\/transparencia.gramepark.cat\/organigrama\/","name":"Organigrama - Gramepark","isPartOf":{"@id":"https:\/\/transparencia.gramepark.cat\/#website"},"datePublished":"2023-04-05T13:25:24+00:00","dateModified":"2023-06-30T10:50:36+00:00","description":"Organigrama - Gramepark","breadcrumb":{"@id":"https:\/\/transparencia.gramepark.cat\/organigrama\/#breadcrumb"},"inLanguage":"es-ES","potentialAction":[{"@type":"ReadAction","target":["https:\/\/transparencia.gramepark.cat\/organigrama\/"]}]},{"@type":"BreadcrumbList","@id":"https:\/\/transparencia.gramepark.cat\/organigrama\/#breadcrumb","itemListElement":[{"@type":"ListItem","position":1,"name":"Home","item":"https:\/\/transparencia.gramepark.cat\/"},{"@type":"ListItem","position":2,"name":"Organigrama"}]},{"@type":"WebSite","@id":"https:\/\/transparencia.gramepark.cat\/#website","url":"https:\/\/transparencia.gramepark.cat\/","name":"Portal de Transpar\u00e8ncia | Gramepark","description":"","publisher":{"@id":"https:\/\/transparencia.gramepark.cat\/#organization"},"potentialAction":[{"@type":"SearchAction","target":{"@type":"EntryPoint","urlTemplate":"https:\/\/transparencia.gramepark.cat\/?s={search_term_string}"},"query-input":{"@type":"PropertyValueSpecification","valueRequired":true,"valueName":"search_term_string"}}],"inLanguage":"es-ES"},{"@type":"Organization","@id":"https:\/\/transparencia.gramepark.cat\/#organization","name":"Portal de Transpar\u00e8ncia | Gramepark","url":"https:\/\/transparencia.gramepark.cat\/","logo":{"@type":"ImageObject","inLanguage":"es-ES","@id":"https:\/\/transparencia.gramepark.cat\/#\/schema\/logo\/image\/","url":"https:\/\/transparencia.gramepark.cat\/wp-content\/uploads\/2023\/07\/Captura-de-pantalla-2022-11-22-a-las-16.40.png","contentUrl":"https:\/\/transparencia.gramepark.cat\/wp-content\/uploads\/2023\/07\/Captura-de-pantalla-2022-11-22-a-las-16.40.png","width":199,"height":50,"caption":"Portal de Transpar\u00e8ncia | Gramepark"},"image":{"@id":"https:\/\/transparencia.gramepark.cat\/#\/schema\/logo\/image\/"}}]}},"_links":{"self":[{"href":"https:\/\/transparencia.gramepark.cat\/es\/wp-json\/wp\/v2\/pages\/889","targetHints":{"allow":["GET"]}}],"collection":[{"href":"https:\/\/transparencia.gramepark.cat\/es\/wp-json\/wp\/v2\/pages"}],"about":[{"href":"https:\/\/transparencia.gramepark.cat\/es\/wp-json\/wp\/v2\/types\/page"}],"author":[{"embeddable":true,"href":"https:\/\/transparencia.gramepark.cat\/es\/wp-json\/wp\/v2\/users\/1"}],"replies":[{"embeddable":true,"href":"https:\/\/transparencia.gramepark.cat\/es\/wp-json\/wp\/v2\/comments?post=889"}],"version-history":[{"count":6,"href":"https:\/\/transparencia.gramepark.cat\/es\/wp-json\/wp\/v2\/pages\/889\/revisions"}],"predecessor-version":[{"id":899,"href":"https:\/\/transparencia.gramepark.cat\/es\/wp-json\/wp\/v2\/pages\/889\/revisions\/899"}],"wp:attachment":[{"href":"https:\/\/transparencia.gramepark.cat\/es\/wp-json\/wp\/v2\/media?parent=889"}],"curies":[{"name":"wp","href":"https:\/\/api.w.org\/{rel}","templated":true}]}}